{"id":18102,"date":"2024-04-30T17:12:25","date_gmt":"2024-04-30T17:12:25","guid":{"rendered":"https:\/\/innoshape.hu\/new\/?page_id=18102"},"modified":"2024-05-10T13:27:17","modified_gmt":"2024-05-10T13:27:17","slug":"tecar-crv-200-rehabilitacios-gep","status":"publish","type":"page","link":"https:\/\/innoshape.hu\/new\/tecar-crv-200-rehabilitacios-gep\/","title":{"rendered":"Tecar CRV 200 rehabilit\u00e1ci\u00f3s g\u00e9p"},"content":{"rendered":"","protected":false},"excerpt":{"rendered":"","protected":false},"author":3,"featured_media":0,"parent":0,"menu_order":0,"comment_status":"closed","ping_status":"closed","template":"","meta":{"_seopress_robots_primary_cat":"","_seopress_titles_title":"","_seopress_titles_desc":"","_seopress_robots_index":"","_et_pb_use_builder":"","_et_pb_old_content":"","_et_gb_content_width":"","footnotes":""},"class_list":["post-18102","page","type-page","status-publish","hentry"],"_links":{"self":[{"href":"https:\/\/innoshape.hu\/new\/wp-json\/wp\/v2\/pages\/18102","targetHints":{"allow":["GET"]}}],"collection":[{"href":"https:\/\/innoshape.hu\/new\/wp-json\/wp\/v2\/pages"}],"about":[{"href":"https:\/\/innoshape.hu\/new\/wp-json\/wp\/v2\/types\/page"}],"author":[{"embeddable":true,"href":"https:\/\/innoshape.hu\/new\/wp-json\/wp\/v2\/users\/3"}],"replies":[{"embeddable":true,"href":"https:\/\/innoshape.hu\/new\/wp-json\/wp\/v2\/comments?post=18102"}],"version-history":[{"count":2,"href":"https:\/\/innoshape.hu\/new\/wp-json\/wp\/v2\/pages\/18102\/revisions"}],"predecessor-version":[{"id":18281,"href":"https:\/\/innoshape.hu\/new\/wp-json\/wp\/v2\/pages\/18102\/revisions\/18281"}],"wp:attachment":[{"href":"https:\/\/innoshape.hu\/new\/wp-json\/wp\/v2\/media?parent=18102"}],"curies":[{"name":"wp","href":"https:\/\/api.w.org\/{rel}","templated":true}]}}