{"id":18164,"date":"2024-04-30T17:19:56","date_gmt":"2024-04-30T17:19:56","guid":{"rendered":"https:\/\/innoshape.hu\/new\/?page_id=18164"},"modified":"2024-05-10T14:58:10","modified_gmt":"2024-05-10T14:58:10","slug":"rolunk","status":"publish","type":"page","link":"https:\/\/innoshape.hu\/new\/rolunk\/","title":{"rendered":"R\u00f3lunk"},"content":{"rendered":"<p>[et_pb_section fb_built=&#8221;1&#8243; admin_label=&#8221;section&#8221; _builder_version=&#8221;4.25.0&#8243; background_enable_color=&#8221;off&#8221; background_image=&#8221;https:\/\/innoshape.hu\/new\/wp-content\/uploads\/2024\/05\/pesti-antal-inno-shape-innovativ-szepsegapolas-dermadrop-phorma-laser-tecar-winshape-betafasi-ozonator-kozmetikai-gepek-1.jpg&#8221; custom_padding=&#8221;280px||280px||true|false&#8221; global_colors_info=&#8221;{}&#8221;][et_pb_row column_structure=&#8221;1_2,1_2&#8243; admin_label=&#8221;row&#8221; _builder_version=&#8221;4.16&#8243; background_size=&#8221;initial&#8221; background_position=&#8221;top_left&#8221; background_repeat=&#8221;repeat&#8221; global_colors_info=&#8221;{}&#8221;][et_pb_column type=&#8221;1_2&#8243; _builder_version=&#8221;4.16&#8243; custom_padding=&#8221;|||&#8221; global_colors_info=&#8221;{}&#8221; custom_padding__hover=&#8221;|||&#8221;][et_pb_text _builder_version=&#8221;4.25.0&#8243; _module_preset=&#8221;default&#8221; header_font_size=&#8221;46px&#8221; header_2_font_size=&#8221;14px&#8221; header_3_font=&#8221;||||||||&#8221; global_colors_info=&#8221;{}&#8221;]<\/p>\n<h1><strong>Pesti Antal vagyok,<\/strong><\/h1>\n<p>az Innoshape Kft meg\u00e1lmod\u00f3ja, tulajdonosa,<\/p>\n<p>&nbsp;<\/p>\n<h3><strong>M\u00e1r t\u00f6bb mint egy \u00e9vtizede<\/strong><\/h3>\n<h2>foglalkozom <strong>szem\u00e9lyis\u00e9g fejleszt\u00e9ssel<\/strong> \u00e9s <strong>\u00fczletfejleszt\u00e9si tan\u00e1csad\u00e1ssal<\/strong>.<\/h2>\n<p>[\/et_pb_text][et_pb_button button_text=&#8221;Kattint\u00e1sok&#8221; _builder_version=&#8221;4.25.0&#8243; _module_preset=&#8221;default&#8221; global_colors_info=&#8221;{}&#8221;][\/et_pb_button][\/et_pb_column][et_pb_column type=&#8221;1_2&#8243; _builder_version=&#8221;4.16&#8243; custom_padding=&#8221;|||&#8221; global_colors_info=&#8221;{}&#8221; custom_padding__hover=&#8221;|||&#8221;][\/et_pb_column][\/et_pb_row][\/et_pb_section][et_pb_section fb_built=&#8221;1&#8243; _builder_version=&#8221;4.25.0&#8243; _module_preset=&#8221;default&#8221; background_color=&#8221;#EDE5DA&#8221; hover_enabled=&#8221;0&#8243; global_colors_info=&#8221;{}&#8221; sticky_enabled=&#8221;0&#8243;][et_pb_row _builder_version=&#8221;4.25.0&#8243; _module_preset=&#8221;default&#8221; global_colors_info=&#8221;{}&#8221;][et_pb_column type=&#8221;4_4&#8243; _builder_version=&#8221;4.25.0&#8243; _module_preset=&#8221;default&#8221; global_colors_info=&#8221;{}&#8221;][dsm_text_notation notation_text=&#8221;C\u00e9lom \u00e9s misszi\u00f3m, hogy nem csak forgalmaz\u00f3k\u00e9nt tegyem el\u00e9rhet\u0151v\u00e9 Magyarorsz\u00e1gon a leginnovat\u00edvabb elj\u00e1r\u00e1sokat, hanem az is, hogy vonz\u00f3 partneri aj\u00e1nlatokkal, folyamatos tan\u00e1csad\u00e1ssal, oktat\u00e1ssal, szakmai workshop-pal, seg\u00edtsem a hazai szakembereket az \u00fczleti fejl\u0151d\u00e9sben.&#8221; notation_color=&#8221;#686868&#8243; notation_iterations=&#8221;1&#8243; heading_html_tag=&#8221;h3&#8243; _builder_version=&#8221;4.25.0&#8243; _module_preset=&#8221;default&#8221; header_font_size=&#8221;25px&#8221; header_line_height=&#8221;1.2em&#8221; text_orientation=&#8221;center&#8221; custom_padding=&#8221;15px|15px|15px|15px|true|true&#8221; global_colors_info=&#8221;{}&#8221;][\/dsm_text_notation][\/et_pb_column][\/et_pb_row][\/et_pb_section][et_pb_section fb_built=&#8221;1&#8243; _builder_version=&#8221;4.25.0&#8243; _module_preset=&#8221;default&#8221; custom_padding=&#8221;150px||150px||true|false&#8221; global_colors_info=&#8221;{}&#8221;][et_pb_row column_structure=&#8221;1_2,1_2&#8243; make_equal=&#8221;on&#8221; _builder_version=&#8221;4.25.0&#8243; _module_preset=&#8221;default&#8221; animation_direction=&#8221;bottom&#8221; custom_css_main_element=&#8221;align-items: center;&#8221; global_colors_info=&#8221;{}&#8221;][et_pb_column type=&#8221;1_2&#8243; _builder_version=&#8221;4.25.0&#8243; _module_preset=&#8221;default&#8221; global_colors_info=&#8221;{}&#8221;][et_pb_text _builder_version=&#8221;4.25.0&#8243; _module_preset=&#8221;default&#8221; header_2_font_size=&#8221;39px&#8221; header_3_font=&#8221;|||on|||||&#8221; header_3_text_color=&#8221;#3E4D80&#8243; header_3_font_size=&#8221;20px&#8221; header_3_letter_spacing=&#8221;1px&#8221; global_colors_info=&#8221;{}&#8221;]<\/p>\n<h3>Filoz\u00f3fi\u00e1m<\/h3>\n<h2>Pontosan ott tartunk az \u00e9letben, amilyen k\u00e9pess\u00e9ggel rendelkez\u00fcnk.<\/h2>\n<p>[\/et_pb_text][et_pb_divider _builder_version=&#8221;4.25.0&#8243; _module_preset=&#8221;default&#8221; custom_margin=&#8221;||10px||false|false&#8221; global_colors_info=&#8221;{}&#8221;][\/et_pb_divider][et_pb_text _builder_version=&#8221;4.25.0&#8243; _module_preset=&#8221;default&#8221; header_2_font_size=&#8221;39px&#8221; header_3_text_color=&#8221;#3E4D80&#8243; global_colors_info=&#8221;{}&#8221;]<\/p>\n<p>Ha t\u00f6bbet akarunk az \u00e9lett\u0151l, akkor t\u00f6bb k\u00e9pess\u00e9ggel kell rendelkezn\u00fcnk. Folyamatosan fejleszten\u00fcnk kell magunkat, minden ter\u00fcleten!<\/p>\n<p>[\/et_pb_text][\/et_pb_column][et_pb_column type=&#8221;1_2&#8243; _builder_version=&#8221;4.25.0&#8243; _module_preset=&#8221;default&#8221; global_colors_info=&#8221;{}&#8221;][et_pb_image src=&#8221;https:\/\/innoshape.hu\/new\/wp-content\/uploads\/2024\/05\/inno-shape-innovativ-szepsegapolas-dermadrop-phorma-laser-tecar-winshape-betafasi-ozonator-kozmetikai-gepek-pesti-antal.jpg&#8221; alt=&#8221;Inno Shape, innovat\u00edv sz\u00e9ps\u00e9g\u00e1pil\u00e1si g\u00e9pek, kozmetikai g\u00e9p, Dermadrop, Phorma Laser, Tecar, winshape, betafasi, ozonator, seyo, Pesti Antal&#8221; title_text=&#8221;inno-shape-innovativ-szepsegapolas-dermadrop-phorma-laser-tecar-winshape-betafasi-ozonator-kozmetikai-gepek-pesti-antal&#8221; _builder_version=&#8221;4.25.0&#8243; _module_preset=&#8221;default&#8221; custom_margin=&#8221;|-50px|||false|false&#8221; global_colors_info=&#8221;{}&#8221;][\/et_pb_image][\/et_pb_column][\/et_pb_row][\/et_pb_section][et_pb_section fb_built=&#8221;1&#8243; _builder_version=&#8221;4.25.0&#8243; _module_preset=&#8221;default&#8221; background_color=&#8221;#EDE5DA&#8221; custom_padding=&#8221;||||false|false&#8221; global_colors_info=&#8221;{}&#8221;][et_pb_row column_structure=&#8221;1_2,1_2&#8243; _builder_version=&#8221;4.25.0&#8243; _module_preset=&#8221;default&#8221; custom_padding=&#8221;||0px||false|false&#8221; global_colors_info=&#8221;{}&#8221;][et_pb_column type=&#8221;1_2&#8243; _builder_version=&#8221;4.25.0&#8243; _module_preset=&#8221;default&#8221; global_colors_info=&#8221;{}&#8221;][et_pb_image src=&#8221;https:\/\/innoshape.hu\/new\/wp-content\/uploads\/2024\/05\/inno-shape-esztetikai-gep-borfeszesito-gep-kozmetikai-keszulek-innovativ-szepsegapolas-fiatal-bor-pesti-antal-2.1.png&#8221; alt=&#8221;Inno Shape, eszt\u00e9tikai g\u00e9p, b\u0151rfeszes\u00edt\u0151 g\u00e9p, kozmetikai k\u00e9sz\u00fcl\u00e9k, innovat\u00edv, fiatal b\u0151r, sz\u00e9ps\u00e9g\u00e1pol\u00e1s, Pesti Antal&#8221; title_text=&#8221;inno-shape-esztetikai-gep-borfeszesito-gep-kozmetikai-keszulek-innovativ-szepsegapolas-fiatal-bor-pesti-antal-2.1&#8243; _builder_version=&#8221;4.25.0&#8243; _module_preset=&#8221;default&#8221; custom_margin=&#8221;-130px||||false|false&#8221; global_colors_info=&#8221;{}&#8221;][\/et_pb_image][\/et_pb_column][et_pb_column type=&#8221;1_2&#8243; _builder_version=&#8221;4.25.0&#8243; _module_preset=&#8221;default&#8221; global_colors_info=&#8221;{}&#8221;][et_pb_text _builder_version=&#8221;4.25.0&#8243; _module_preset=&#8221;default&#8221; text_text_color=&#8221;#FFFFFF&#8221; header_2_font=&#8221;|300|||||||&#8221; header_2_font_size=&#8221;50px&#8221; header_3_font=&#8221;|||on|||||&#8221; header_3_text_color=&#8221;#3E4D80&#8243; header_3_font_size=&#8221;20px&#8221; header_3_letter_spacing=&#8221;1px&#8221; custom_margin=&#8221;76px||25px||false|false&#8221; global_colors_info=&#8221;{}&#8221;]<\/p>\n<h3>R\u00f3lunk<\/h3>\n<h2>Az Inno Shape Kft<\/h2>\n<p>[\/et_pb_text][et_pb_blurb use_icon=&#8221;on&#8221; font_icon=&#8221;&#x24;||divi||400&#8243; icon_color=&#8221;#686868&#8243; icon_placement=&#8221;left&#8221; _builder_version=&#8221;4.25.0&#8243; _module_preset=&#8221;default&#8221; body_text_align=&#8221;justify&#8221; global_colors_info=&#8221;{}&#8221;]<\/p>\n<p>Magyarorsz\u00e1g vezet\u0151 eszt\u00e9tikai g\u00e9p, b\u0151rfeszes\u00edt\u0151 g\u00e9p \u00e9s kozmetikai k\u00e9sz\u00fcl\u00e9k forgalmaz\u00f3ja, c\u00e9g\u00fcnk t\u00f6bb mint 10 \u00e9ve szolg\u00e1lja ki a sz\u00e9ps\u00e9g\u00e1pol\u00e1si szektor ig\u00e9nyeit.<\/p>\n<p>[\/et_pb_blurb][et_pb_blurb use_icon=&#8221;on&#8221; font_icon=&#8221;&#x24;||divi||400&#8243; icon_color=&#8221;#686868&#8243; icon_placement=&#8221;left&#8221; _builder_version=&#8221;4.25.0&#8243; _module_preset=&#8221;default&#8221; body_text_align=&#8221;justify&#8221; global_colors_info=&#8221;{}&#8221;]<\/p>\n<p>N\u00e1lunk megtal\u00e1lja a leginnovat\u00edvabb eszt\u00e9tikai \u00e9s orvosi berendez\u00e9seket, melyek biztons\u00e1gosak, hat\u00e9konyak \u00e9s k\u00edm\u00e9letesek<\/p>\n<p>[\/et_pb_blurb][et_pb_text _builder_version=&#8221;4.25.0&#8243; _module_preset=&#8221;default&#8221; header_2_text_align=&#8221;left&#8221; header_2_font_size=&#8221;25px&#8221; header_2_line_height=&#8221;1.4em&#8221; global_colors_info=&#8221;{}&#8221;]<\/p>\n<h2>Hissz\u00fck, hogy a fiatal \u00e9s eg\u00e9sz\u00e9ges b\u0151r el\u00e9rhet\u0151 f\u00e1jdalommentesen.<\/h2>\n<p>[\/et_pb_text][\/et_pb_column][\/et_pb_row][\/et_pb_section][et_pb_section fb_built=&#8221;1&#8243; _builder_version=&#8221;4.25.0&#8243; _module_preset=&#8221;default&#8221; background_color=&#8221;#3E4D80&#8243; hover_enabled=&#8221;0&#8243; global_colors_info=&#8221;{}&#8221; sticky_enabled=&#8221;0&#8243;][et_pb_row _builder_version=&#8221;4.25.0&#8243; _module_preset=&#8221;default&#8221; global_colors_info=&#8221;{}&#8221;][et_pb_column type=&#8221;4_4&#8243; _builder_version=&#8221;4.25.0&#8243; _module_preset=&#8221;default&#8221; global_colors_info=&#8221;{}&#8221;][et_pb_image src=&#8221;https:\/\/innoshape.hu\/new\/wp-content\/uploads\/2024\/05\/inno-shape-innovativ-szepsegapolas-dermadrop-phorma-laser-tecar-winshape-betafasi-ozonator-kozmetikai-gep-budapest-2.1.png&#8221; alt=&#8221;Inno Shape, b\u0151r\u00e1pol\u00e1s, kozmetikai megold\u00e1s, orvosi megold\u00e1s, b\u0151rfiatal\u00edt\u00e1s, Pesti Antal&#8221; title_text=&#8221;inno-shape-innovativ-szepsegapolas-dermadrop-phorma-laser-tecar-winshape-betafasi-ozonator-kozmetikai-gep-budapest-2.1&#8243; align=&#8221;center&#8221; _builder_version=&#8221;4.25.0&#8243; _module_preset=&#8221;default&#8221; hover_enabled=&#8221;0&#8243; global_colors_info=&#8221;{}&#8221; width=&#8221;4%&#8221; sticky_enabled=&#8221;0&#8243;][\/et_pb_image][et_pb_text _builder_version=&#8221;4.25.0&#8243; _module_preset=&#8221;default&#8221; header_2_text_align=&#8221;center&#8221; header_2_line_height=&#8221;1.2em&#8221; hover_enabled=&#8221;0&#8243; global_colors_info=&#8221;{}&#8221; header_2_text_color=&#8221;#FFFFFF&#8221; sticky_enabled=&#8221;0&#8243;]<\/p>\n<h2>Az \u00e1ltalunk k\u00edn\u00e1lt orvosi \u00e9s kozmetikai megold\u00e1sok lehet\u0151v\u00e9 teszik a hat\u00e9kony b\u0151r\u00e1pol\u00e1st \u00e9s b\u0151rfiatal\u00edt\u00e1st, mely l\u00e1tv\u00e1nyos eredm\u00e9nnyel j\u00e1r m\u00e1r az els\u0151 kezel\u00e9s ut\u00e1n.<\/h2>\n<p>[\/et_pb_text][et_pb_button button_text=&#8221;Kattint\u00e1sok&#8221; _builder_version=&#8221;4.25.0&#8243; _module_preset=&#8221;default&#8221; hover_enabled=&#8221;0&#8243; global_colors_info=&#8221;{}&#8221; button_alignment=&#8221;center&#8221; sticky_enabled=&#8221;0&#8243;][\/et_pb_button][\/et_pb_column][\/et_pb_row][\/et_pb_section][et_pb_section fb_built=&#8221;1&#8243; _builder_version=&#8221;4.25.0&#8243; _module_preset=&#8221;default&#8221; custom_padding=&#8221;||||true|false&#8221; global_colors_info=&#8221;{}&#8221;][et_pb_row _builder_version=&#8221;4.25.0&#8243; _module_preset=&#8221;default&#8221; global_colors_info=&#8221;{}&#8221;][et_pb_column type=&#8221;4_4&#8243; _builder_version=&#8221;4.25.0&#8243; _module_preset=&#8221;default&#8221; global_colors_info=&#8221;{}&#8221;][et_pb_text _builder_version=&#8221;4.25.0&#8243; _module_preset=&#8221;default&#8221; header_2_text_align=&#8221;center&#8221; header_2_font_size=&#8221;49px&#8221; custom_margin=&#8221;||||false|false&#8221; hover_enabled=&#8221;0&#8243; global_colors_info=&#8221;{}&#8221; sticky_enabled=&#8221;0&#8243;]<\/p>\n<h2>Amit mi ny\u00fajtunk<\/h2>\n<p>[\/et_pb_text][\/et_pb_column][\/et_pb_row][et_pb_row use_custom_gutter=&#8221;on&#8221; gutter_width=&#8221;2&#8243; make_equal=&#8221;on&#8221; _builder_version=&#8221;4.25.0&#8243; _module_preset=&#8221;default&#8221; global_colors_info=&#8221;{}&#8221; header_level=&#8221;h3&#8243; header_text_align=&#8221;center&#8221; header_font_size=&#8221;18px&#8221; header_line_height=&#8221;1.2em&#8221; body_text_align=&#8221;center&#8221; image_icon_width=&#8221;58%&#8221;][et_pb_column type=&#8221;4_4&#8243; _builder_version=&#8221;4.25.0&#8243; _module_preset=&#8221;default&#8221; background_color=&#8221;#F6F2EC&#8221; custom_padding=&#8221;20px|20px|20px|20px|true|true&#8221; global_colors_info=&#8221;{}&#8221;][et_pb_blurb title=&#8221;360 fokos marketing  t\u00e1mogat\u00e1s&#8221; image=&#8221;https:\/\/innoshape.hu\/new\/wp-content\/uploads\/2024\/05\/inno-shape-innovativ-szepsegapolas-dermadrop-phorma-laser-tecar-winshape-betafasi-ozonator-kozmetikai-gep-budapest-2.png&#8221; alt=&#8221;Inno Shape, b\u0151r\u00e1pol\u00e1s, kozmetikai megold\u00e1s, orvosi megold\u00e1s, b\u0151rfiatal\u00edt\u00e1s, Pesti Antal&#8221; _builder_version=&#8221;4.25.0&#8243; _module_preset=&#8221;default&#8221; header_level=&#8221;h3&#8243; header_text_align=&#8221;center&#8221; header_font_size=&#8221;18px&#8221; header_line_height=&#8221;1.2em&#8221; body_text_align=&#8221;center&#8221; hover_enabled=&#8221;0&#8243; global_colors_info=&#8221;{}&#8221; sticky_enabled=&#8221;0&#8243; title_text=&#8221;inno-shape-innovativ-szepsegapolas-dermadrop-phorma-laser-tecar-winshape-betafasi-ozonator-kozmetikai-gep-budapest-2&#8243; image_icon_width=&#8221;58%&#8221;]<\/p>\n<p>&#8211; hirdet\u00e9si kamp\u00e1nyok be\u00e1ll\u00edt\u00e1sa, \u00e9s teljes k\u00f6r\u0171 fel\u00fcgyelete<br \/>&#8211; offline anyagok k\u00e9sz\u00edt\u00e9se<br \/>&#8211; teljes k\u00f6r\u0171 marketing audit \u00e9s tan\u00e1csad\u00e1s<\/p>\n<p>[\/et_pb_blurb][\/et_pb_column][\/et_pb_row][et_pb_row column_structure=&#8221;1_4,1_4,1_4,1_4&#8243; use_custom_gutter=&#8221;on&#8221; gutter_width=&#8221;2&#8243; make_equal=&#8221;on&#8221; _builder_version=&#8221;4.25.0&#8243; _module_preset=&#8221;default&#8221; custom_padding=&#8221;0px||||false|false&#8221; global_colors_info=&#8221;{}&#8221;][et_pb_column type=&#8221;1_4&#8243; _builder_version=&#8221;4.25.0&#8243; _module_preset=&#8221;default&#8221; background_color=&#8221;#F6F2EC&#8221; custom_padding=&#8221;20px|20px|20px|20px|true|true&#8221; global_colors_info=&#8221;{}&#8221;][et_pb_blurb title=&#8221;\u00dczleti \u00e9s p\u00e9nz\u00fcgy coaching&#8221; image=&#8221;https:\/\/innoshape.hu\/new\/wp-content\/uploads\/2024\/05\/inno-shape-innovativ-szepsegapolas-dermadrop-phorma-laser-tecar-winshape-betafasi-ozonator-kozmetikai-gep-budapest-2.png&#8221; _builder_version=&#8221;4.25.0&#8243; _module_preset=&#8221;default&#8221; header_level=&#8221;h3&#8243; header_text_align=&#8221;center&#8221; header_font_size=&#8221;18px&#8221; header_line_height=&#8221;1.2em&#8221; body_text_align=&#8221;center&#8221; global_colors_info=&#8221;{}&#8221; image_icon_width=&#8221;58%&#8221;]<\/p>\n<p><strong><a href=\"https:\/\/szalonmatek.hu\/\">www.szalonmatek.hu<\/a><\/strong><\/p>\n<p>[\/et_pb_blurb][\/et_pb_column][et_pb_column type=&#8221;1_4&#8243; _builder_version=&#8221;4.25.0&#8243; _module_preset=&#8221;default&#8221; background_color=&#8221;#F6F2EC&#8221; custom_padding=&#8221;20px|20px|20px|20px|true|true&#8221; global_colors_info=&#8221;{}&#8221;][et_pb_blurb title=&#8221;Ninja akad\u00e9mia&#8221; image=&#8221;https:\/\/innoshape.hu\/new\/wp-content\/uploads\/2024\/05\/inno-shape-innovativ-szepsegapolas-dermadrop-phorma-laser-tecar-winshape-betafasi-ozonator-kozmetikai-gep-budapest-2.png&#8221; _builder_version=&#8221;4.25.0&#8243; _module_preset=&#8221;default&#8221; header_level=&#8221;h3&#8243; header_text_align=&#8221;center&#8221; header_font_size=&#8221;18px&#8221; body_text_align=&#8221;center&#8221; global_colors_info=&#8221;{}&#8221; header_line_height=&#8221;1.2em&#8221; image_icon_width=&#8221;58%&#8221;]<\/p>\n<p><a href=\"https:\/\/ninjaakademia.hu\/\"><strong>www.ninjaakademia.hu<\/strong><\/a><\/p>\n<p>[\/et_pb_blurb][\/et_pb_column][et_pb_column type=&#8221;1_4&#8243; _builder_version=&#8221;4.25.0&#8243; _module_preset=&#8221;default&#8221; background_color=&#8221;#F6F2EC&#8221; custom_padding=&#8221;20px|20px|20px|20px|true|true&#8221; global_colors_info=&#8221;{}&#8221;][et_pb_blurb title=&#8221;Szem\u00e9lyis\u00e9g fejleszt\u0151 \u00e9s v\u00e1llalkoz\u00f3i tr\u00e9ningek&#8221; image=&#8221;https:\/\/innoshape.hu\/new\/wp-content\/uploads\/2024\/05\/inno-shape-innovativ-szepsegapolas-dermadrop-phorma-laser-tecar-winshape-betafasi-ozonator-kozmetikai-gep-budapest-2.png&#8221; _builder_version=&#8221;4.25.0&#8243; _module_preset=&#8221;default&#8221; header_level=&#8221;h3&#8243; header_text_align=&#8221;center&#8221; header_font_size=&#8221;18px&#8221; header_line_height=&#8221;1.2em&#8221; body_text_align=&#8221;center&#8221; global_colors_info=&#8221;{}&#8221; image_icon_width=&#8221;58%&#8221;][\/et_pb_blurb][\/et_pb_column][et_pb_column type=&#8221;1_4&#8243; _builder_version=&#8221;4.25.0&#8243; _module_preset=&#8221;default&#8221; background_color=&#8221;#F6F2EC&#8221; custom_padding=&#8221;20px|20px|20px|20px|true|true&#8221; global_colors_info=&#8221;{}&#8221;][et_pb_blurb title=&#8221;T\u00e1mogat\u00f3, t\u00e1rsadalmi felel\u0151ss\u00e9gv\u00e1llal\u00e1s programok&#8221; image=&#8221;https:\/\/innoshape.hu\/new\/wp-content\/uploads\/2024\/05\/inno-shape-innovativ-szepsegapolas-dermadrop-phorma-laser-tecar-winshape-betafasi-ozonator-kozmetikai-gep-budapest-2.png&#8221; _builder_version=&#8221;4.25.0&#8243; _module_preset=&#8221;default&#8221; header_level=&#8221;h3&#8243; header_text_align=&#8221;center&#8221; header_font_size=&#8221;18px&#8221; header_line_height=&#8221;1.2em&#8221; body_text_align=&#8221;center&#8221; global_colors_info=&#8221;{}&#8221; image_icon_width=&#8221;58%&#8221;][\/et_pb_blurb][\/et_pb_column][\/et_pb_row][\/et_pb_section]<\/p>\n","protected":false},"excerpt":{"rendered":"<p>Pesti Antal vagyok, az Innoshape Kft meg\u00e1lmod\u00f3ja, tulajdonosa, &nbsp; M\u00e1r t\u00f6bb mint egy \u00e9vtizede foglalkozom szem\u00e9lyis\u00e9g fejleszt\u00e9ssel \u00e9s \u00fczletfejleszt\u00e9si tan\u00e1csad\u00e1ssal.<div class=\"et_pb_module dsm_text_notation dsm_text_notation_0  et_pb_text_align_center et_pb_bg_layout_light\">\n\t\t\t\t\n\t\t\t\t\n\t\t\t\t\n\t\t\t\t\n\t\t\t\t\n\t\t\t\t\n\t\t\t\t<div class=\"et_pb_module_inner\">\n\t\t\t\t\t<h3 class=\"dsm-text-notation-main et_pb_module_header\"><span data-notation=\"[{&quot;type&quot;:&quot;underline&quot;,&quot;color&quot;:&quot;#686868&quot;,&quot;stroke-width&quot;:&quot;1&quot;,&quot;iterations&quot;:&quot;1&quot;,&quot;brackets&quot;:&quot;left|right&quot;,&quot;viewport&quot;:&quot;80%&quot;,&quot;delay&quot;:&quot;0ms&quot;,&quot;divi-animate&quot;:&quot;none&quot;,&quot;divi-animate-duration&quot;:&quot;1000ms&quot;,&quot;divi-animate-delay&quot;:&quot;0ms&quot;}]\" class=\"dsm-text-notation-middle\">C\u00e9lom \u00e9s misszi\u00f3m, hogy nem csak forgalmaz\u00f3k\u00e9nt tegyem el\u00e9rhet\u0151v\u00e9 Magyarorsz\u00e1gon a leginnovat\u00edvabb elj\u00e1r\u00e1sokat, hanem az is, hogy vonz\u00f3 partneri aj\u00e1nlatokkal, folyamatos tan\u00e1csad\u00e1ssal, oktat\u00e1ssal, szakmai workshop-pal, seg\u00edtsem a hazai szakembereket az \u00fczleti fejl\u0151d\u00e9sben.<\/span><\/h3>\n\t\t\t\t<\/div>\n\t\t\t<\/div>Filoz\u00f3fi\u00e1m Pontosan ott tartunk az \u00e9letben, amilyen k\u00e9pess\u00e9ggel rendelkez\u00fcnk.Ha t\u00f6bbet akarunk az \u00e9lett\u0151l, akkor t\u00f6bb k\u00e9pess\u00e9ggel kell rendelkezn\u00fcnk. Folyamatosan fejleszten\u00fcnk kell magunkat, minden ter\u00fcleten!R\u00f3lunk Az Inno Shape KftMagyarorsz\u00e1g vezet\u0151 eszt\u00e9tikai g\u00e9p, b\u0151rfeszes\u00edt\u0151 g\u00e9p \u00e9s kozmetikai k\u00e9sz\u00fcl\u00e9k forgalmaz\u00f3ja, c\u00e9g\u00fcnk t\u00f6bb mint 10 \u00e9ve szolg\u00e1lja ki a sz\u00e9ps\u00e9g\u00e1pol\u00e1si szektor ig\u00e9nyeit.N\u00e1lunk megtal\u00e1lja a leginnovat\u00edvabb eszt\u00e9tikai \u00e9s orvosi berendez\u00e9seket, melyek biztons\u00e1gosak, hat\u00e9konyak \u00e9s k\u00edm\u00e9letesekHissz\u00fck, hogy a fiatal \u00e9s eg\u00e9sz\u00e9ges b\u0151r el\u00e9rhet\u0151 f\u00e1jdalommentesen.Az \u00e1ltalunk k\u00edn\u00e1lt orvosi \u00e9s kozmetikai megold\u00e1sok lehet\u0151v\u00e9 teszik a hat\u00e9kony b\u0151r\u00e1pol\u00e1st \u00e9s b\u0151rfiatal\u00edt\u00e1st, mely l\u00e1tv\u00e1nyos eredm\u00e9nnyel j\u00e1r m\u00e1r az els\u0151 kezel\u00e9s ut\u00e1n.Amit mi ny\u00fajtunk- hirdet\u00e9si kamp\u00e1nyok be\u00e1ll\u00edt\u00e1sa, \u00e9s teljes k\u00f6r\u0171 fel\u00fcgyelete- offline anyagok k\u00e9sz\u00edt\u00e9se- teljes k\u00f6r\u0171 marketing audit \u00e9s tan\u00e1csad\u00e1swww.szalonmatek.huwww.ninjaakademia.hu<\/p>\n","protected":false},"author":3,"featured_media":0,"parent":0,"menu_order":0,"comment_status":"closed","ping_status":"closed","template":"","meta":{"_seopress_robots_primary_cat":"","_seopress_titles_title":"","_seopress_titles_desc":"","_seopress_robots_index":"","_et_pb_use_builder":"on","_et_pb_old_content":"","_et_gb_content_width":"","footnotes":""},"class_list":["post-18164","page","type-page","status-publish","hentry"],"_links":{"self":[{"href":"https:\/\/innoshape.hu\/new\/wp-json\/wp\/v2\/pages\/18164","targetHints":{"allow":["GET"]}}],"collection":[{"href":"https:\/\/innoshape.hu\/new\/wp-json\/wp\/v2\/pages"}],"about":[{"href":"https:\/\/innoshape.hu\/new\/wp-json\/wp\/v2\/types\/page"}],"author":[{"embeddable":true,"href":"https:\/\/innoshape.hu\/new\/wp-json\/wp\/v2\/users\/3"}],"replies":[{"embeddable":true,"href":"https:\/\/innoshape.hu\/new\/wp-json\/wp\/v2\/comments?post=18164"}],"version-history":[{"count":37,"href":"https:\/\/innoshape.hu\/new\/wp-json\/wp\/v2\/pages\/18164\/revisions"}],"predecessor-version":[{"id":18318,"href":"https:\/\/innoshape.hu\/new\/wp-json\/wp\/v2\/pages\/18164\/revisions\/18318"}],"wp:attachment":[{"href":"https:\/\/innoshape.hu\/new\/wp-json\/wp\/v2\/media?parent=18164"}],"curies":[{"name":"wp","href":"https:\/\/api.w.org\/{rel}","templated":true}]}}